{"id":947,"date":"2024-11-21T00:19:34","date_gmt":"2024-11-20T23:19:34","guid":{"rendered":"https:\/\/ipcengineer.com\/?page_id=947"},"modified":"2024-11-21T00:33:33","modified_gmt":"2024-11-20T23:33:33","slug":"autocad","status":"publish","type":"page","link":"https:\/\/ipcengineer.com\/index.php\/autocad\/","title":{"rendered":"AUTOCAD"},"content":{"rendered":"\t\t<div data-elementor-type=\"wp-page\" data-elementor-id=\"947\" class=\"elementor elementor-947\">\n\t\t\t\t<div class=\"elementor-element elementor-element-665bfff e-con-full e-flex e-con e-parent\" data-id=\"665bfff\" data-element_type=\"container\" data-settings=\"{&quot;background_background&quot;:&quot;classic&quot;}\">\n\t\t\t\t<div class=\"elementor-element elementor-element-7c8f543 elementor-widget elementor-widget-heading\" data-id=\"7c8f543\" data-element_type=\"widget\" data-widget_type=\"heading.default\">\n\t\t\t\t<div class=\"elementor-widget-container\">\n\t\t\t<h2 class=\"elementor-heading-title elementor-size-default\">Trainning-&gt;AutoCad<\/h2>\t\t<\/div>\n\t\t\t\t<\/div>\n\t\t\t\t<\/div>\n\t\t<div class=\"elementor-element elementor-element-e5acd35 e-flex e-con-boxed e-con e-parent\" data-id=\"e5acd35\" data-element_type=\"container\">\n\t\t\t\t\t<div class=\"e-con-inner\">\n\t\t\t\t<div class=\"elementor-element elementor-element-f06a7ee elementor-widget elementor-widget-heading\" data-id=\"f06a7ee\" data-element_type=\"widget\" data-widget_type=\"heading.default\">\n\t\t\t\t<div class=\"elementor-widget-container\">\n\t\t\t<h2 class=\"elementor-heading-title elementor-size-default\">Nous sommes expert AUTOCAD<\/h2>\t\t<\/div>\n\t\t\t\t<\/div>\n\t\t\t\t<div class=\"elementor-element elementor-element-f8709bd elementor-widget elementor-widget-heading\" data-id=\"f8709bd\" data-element_type=\"widget\" data-widget_type=\"heading.default\">\n\t\t\t\t<div class=\"elementor-widget-container\">\n\t\t\t<h2 class=\"elementor-heading-title elementor-size-default\">En tant que fournisseur officiel de logiciels de CAO 3D ainsi que de solutions de formation et d'assistance pour SOLIDWORKS en Afrique, nous sommes honor\u00e9s d'avoir re\u00e7u des \u00e9loges de SOLIDWORKS pour notre service client exceptionnel. Nous avons \u00e9t\u00e9 reconnus comme le meilleur en Europe du Nord pendant quatre ann\u00e9es d'affil\u00e9e, ce qui t\u00e9moigne de notre engagement envers la satisfaction de nos clients, qui demeure au centre de notre mission.<\/h2>\t\t<\/div>\n\t\t\t\t<\/div>\n\t\t\t\t\t<\/div>\n\t\t\t\t<\/div>\n\t\t<div class=\"elementor-element elementor-element-177d936 e-con-full e-flex e-con e-parent\" data-id=\"177d936\" data-element_type=\"container\">\n\t\t\t\t<div class=\"elementor-element elementor-element-3f568cb elementor-widget elementor-widget-heading\" data-id=\"3f568cb\" data-element_type=\"widget\" data-widget_type=\"heading.default\">\n\t\t\t\t<div class=\"elementor-widget-container\">\n\t\t\t<h2 class=\"elementor-heading-title elementor-size-default\">A Propos du SolidWorks<\/h2>\t\t<\/div>\n\t\t\t\t<\/div>\n\t\t\t\t<\/div>\n\t\t<div class=\"elementor-element elementor-element-b925478 e-flex e-con-boxed e-con e-parent\" data-id=\"b925478\" data-element_type=\"container\">\n\t\t\t\t\t<div class=\"e-con-inner\">\n\t\t\t\t<div class=\"elementor-element elementor-element-fddffef elementor-widget elementor-widget-heading\" data-id=\"fddffef\" data-element_type=\"widget\" data-widget_type=\"heading.default\">\n\t\t\t\t<div class=\"elementor-widget-container\">\n\t\t\t<h2 class=\"elementor-heading-title elementor-size-default\">AutoCAD est un logiciel de conception assist\u00e9e par ordinateur (CAO) d\u00e9velopp\u00e9 par Autodesk, largement utilis\u00e9 dans divers domaines tels que l'architecture, l'ing\u00e9nierie, la construction et la fabrication. Voici un aper\u00e7u d\u00e9taill\u00e9 de ses principales caract\u00e9ristiques et fonctionnalit\u00e9s.<\/h2>\t\t<\/div>\n\t\t\t\t<\/div>\n\t\t\t\t\t<\/div>\n\t\t\t\t<\/div>\n\t\t<div class=\"elementor-element elementor-element-ac2357a e-flex e-con-boxed e-con e-parent\" data-id=\"ac2357a\" data-element_type=\"container\" data-settings=\"{&quot;background_background&quot;:&quot;classic&quot;}\">\n\t\t\t\t\t<div class=\"e-con-inner\">\n\t\t<div class=\"elementor-element elementor-element-109b901 e-con-full e-flex e-con e-child\" data-id=\"109b901\" data-element_type=\"container\">\n\t\t<div class=\"elementor-element elementor-element-474f4de e-con-full e-flex e-con e-child\" data-id=\"474f4de\" data-element_type=\"container\" data-settings=\"{&quot;background_background&quot;:&quot;classic&quot;}\">\n\t\t\t\t<\/div>\n\t\t\t\t<div class=\"elementor-element elementor-element-cd59fa1 elementor-widget elementor-widget-heading\" data-id=\"cd59fa1\" data-element_type=\"widget\" data-widget_type=\"heading.default\">\n\t\t\t\t<div class=\"elementor-widget-container\">\n\t\t\t<h2 class=\"elementor-heading-title elementor-size-default\">Dessin 2D et 3D<\/h2>\t\t<\/div>\n\t\t\t\t<\/div>\n\t\t\t\t<div class=\"elementor-element elementor-element-e83ddba elementor-widget elementor-widget-text-editor\" data-id=\"e83ddba\" data-element_type=\"widget\" data-widget_type=\"text-editor.default\">\n\t\t\t\t<div class=\"elementor-widget-container\">\n\t\t\t\t\t\t\t<ul>\n<li><strong>Dessin 2D<\/strong> : Outils robustes pour cr\u00e9er des plans, des sch\u00e9mas et des dessins techniques.<\/li>\n<li><strong>Mod\u00e9lisation 3D<\/strong> : Fonctionnalit\u00e9s permettant de cr\u00e9er des mod\u00e8les 3D complexes avec des surfaces et des solides.<\/li>\n<\/ul>\t\t\t\t\t\t<\/div>\n\t\t\t\t<\/div>\n\t\t\t\t<\/div>\n\t\t<div class=\"elementor-element elementor-element-dcf851c e-con-full e-flex e-con e-child\" data-id=\"dcf851c\" data-element_type=\"container\">\n\t\t<div class=\"elementor-element elementor-element-ab831b4 e-con-full e-flex e-con e-child\" data-id=\"ab831b4\" data-element_type=\"container\" data-settings=\"{&quot;background_background&quot;:&quot;classic&quot;}\">\n\t\t\t\t<\/div>\n\t\t\t\t<div class=\"elementor-element elementor-element-09338cf elementor-widget elementor-widget-heading\" data-id=\"09338cf\" data-element_type=\"widget\" data-widget_type=\"heading.default\">\n\t\t\t\t<div class=\"elementor-widget-container\">\n\t\t\t<h2 class=\"elementor-heading-title elementor-size-default\">Blocs et R\u00e9f\u00e9rences Externes<\/h2>\t\t<\/div>\n\t\t\t\t<\/div>\n\t\t\t\t<div class=\"elementor-element elementor-element-263f6b0 elementor-widget elementor-widget-text-editor\" data-id=\"263f6b0\" data-element_type=\"widget\" data-widget_type=\"text-editor.default\">\n\t\t\t\t<div class=\"elementor-widget-container\">\n\t\t\t\t\t\t\t<ul>\n<li><strong>Blocs<\/strong> : Utilisation de blocs pour r\u00e9utiliser des dessins et des composants.<\/li>\n<li><strong>R\u00e9f\u00e9rences externes (Xrefs)<\/strong> : Int\u00e9gration de fichiers externes pour un meilleur gestion des projets.<\/li>\n<\/ul>\t\t\t\t\t\t<\/div>\n\t\t\t\t<\/div>\n\t\t\t\t<\/div>\n\t\t<div class=\"elementor-element elementor-element-e4317e5 e-con-full e-flex e-con e-child\" data-id=\"e4317e5\" data-element_type=\"container\">\n\t\t<div class=\"elementor-element elementor-element-ce77258 e-con-full e-flex e-con e-child\" data-id=\"ce77258\" data-element_type=\"container\" data-settings=\"{&quot;background_background&quot;:&quot;classic&quot;}\">\n\t\t\t\t<\/div>\n\t\t\t\t<div class=\"elementor-element elementor-element-d57d35f elementor-widget elementor-widget-heading\" data-id=\"d57d35f\" data-element_type=\"widget\" data-widget_type=\"heading.default\">\n\t\t\t\t<div class=\"elementor-widget-container\">\n\t\t\t<h2 class=\"elementor-heading-title elementor-size-default\">Personnalisation<\/h2>\t\t<\/div>\n\t\t\t\t<\/div>\n\t\t\t\t<div class=\"elementor-element elementor-element-54763c9 elementor-widget elementor-widget-text-editor\" data-id=\"54763c9\" data-element_type=\"widget\" data-widget_type=\"text-editor.default\">\n\t\t\t\t<div class=\"elementor-widget-container\">\n\t\t\t\t\t\t\t<ul>\n<li><strong>LISP et VBA<\/strong> : Possibilit\u00e9 de personnaliser et d&#8217;automatiser des t\u00e2ches \u00e0 l&#8217;aide de scripts.<\/li>\n<li><strong>Blocs dynamiques<\/strong> : Cr\u00e9ation de blocs pouvant \u00eatre modifi\u00e9s facilement sans avoir \u00e0 redessiner.<\/li>\n<\/ul>\t\t\t\t\t\t<\/div>\n\t\t\t\t<\/div>\n\t\t\t\t<\/div>\n\t\t<div class=\"elementor-element elementor-element-36c26fc e-con-full e-flex e-con e-child\" data-id=\"36c26fc\" data-element_type=\"container\">\n\t\t<div class=\"elementor-element elementor-element-9b12f65 e-con-full e-flex e-con e-child\" data-id=\"9b12f65\" data-element_type=\"container\" data-settings=\"{&quot;background_background&quot;:&quot;classic&quot;}\">\n\t\t\t\t<\/div>\n\t\t\t\t<div class=\"elementor-element elementor-element-b185be3 elementor-widget elementor-widget-heading\" data-id=\"b185be3\" data-element_type=\"widget\" data-widget_type=\"heading.default\">\n\t\t\t\t<div class=\"elementor-widget-container\">\n\t\t\t<h2 class=\"elementor-heading-title elementor-size-default\">Annotations et Cotations\n<\/h2>\t\t<\/div>\n\t\t\t\t<\/div>\n\t\t\t\t<div class=\"elementor-element elementor-element-1fb4b06 elementor-widget elementor-widget-text-editor\" data-id=\"1fb4b06\" data-element_type=\"widget\" data-widget_type=\"text-editor.default\">\n\t\t\t\t<div class=\"elementor-widget-container\">\n\t\t\t\t\t\t\t<p>Outils avanc\u00e9s pour ajouter des annotations, des dimensions et des cotations pr\u00e9cises, facilitant la communication des d\u00e9tails techniques.<\/p>\t\t\t\t\t\t<\/div>\n\t\t\t\t<\/div>\n\t\t\t\t<\/div>\n\t\t\t\t\t<\/div>\n\t\t\t\t<\/div>\n\t\t<div class=\"elementor-element elementor-element-28acdb9 e-con-full e-flex e-con e-parent\" data-id=\"28acdb9\" data-element_type=\"container\">\n\t\t\t\t<div class=\"elementor-element elementor-element-e860f80 elementor-widget elementor-widget-heading\" data-id=\"e860f80\" data-element_type=\"widget\" data-widget_type=\"heading.default\">\n\t\t\t\t<div class=\"elementor-widget-container\">\n\t\t\t<h2 class=\"elementor-heading-title elementor-size-default\"> Nos formations SOLIDWORKS<\/h2>\t\t<\/div>\n\t\t\t\t<\/div>\n\t\t\t\t<\/div>\n\t\t<div class=\"elementor-element elementor-element-dae9796 e-con-full e-flex e-con e-parent\" data-id=\"dae9796\" data-element_type=\"container\" data-settings=\"{&quot;background_background&quot;:&quot;classic&quot;}\">\n\t\t<div class=\"elementor-element elementor-element-b336b8c e-con-full e-flex e-con e-child\" data-id=\"b336b8c\" data-element_type=\"container\" data-settings=\"{&quot;background_background&quot;:&quot;classic&quot;,&quot;background_motion_fx_motion_fx_mouse&quot;:&quot;yes&quot;,&quot;background_motion_fx_mouseTrack_effect&quot;:&quot;yes&quot;,&quot;background_motion_fx_mouseTrack_speed&quot;:{&quot;unit&quot;:&quot;px&quot;,&quot;size&quot;:1,&quot;sizes&quot;:[]}}\">\n\t\t<div class=\"elementor-element elementor-element-af07cc9 e-con-full e-flex e-con e-child\" data-id=\"af07cc9\" data-element_type=\"container\" data-settings=\"{&quot;background_background&quot;:&quot;classic&quot;}\">\n\t\t\t\t<\/div>\n\t\t\t\t<div class=\"elementor-element elementor-element-71c86cc elementor-widget elementor-widget-heading\" data-id=\"71c86cc\" data-element_type=\"widget\" data-widget_type=\"heading.default\">\n\t\t\t\t<div class=\"elementor-widget-container\">\n\t\t\t<h2 class=\"elementor-heading-title elementor-size-default\">1. Formation AutoCAD Initiation\n<\/h2>\t\t<\/div>\n\t\t\t\t<\/div>\n\t\t\t\t<div class=\"elementor-element elementor-element-88375e9 elementor-widget elementor-widget-heading\" data-id=\"88375e9\" data-element_type=\"widget\" data-widget_type=\"heading.default\">\n\t\t\t\t<div class=\"elementor-widget-container\">\n\t\t\t<h2 class=\"elementor-heading-title elementor-size-default\">Contenu<\/h2>\t\t<\/div>\n\t\t\t\t<\/div>\n\t\t\t\t<div class=\"elementor-element elementor-element-7317c8d elementor-widget elementor-widget-text-editor\" data-id=\"7317c8d\" data-element_type=\"widget\" data-widget_type=\"text-editor.default\">\n\t\t\t\t<div class=\"elementor-widget-container\">\n\t\t\t\t\t\t\t<ul>\n<li>Introduction \u00e0 l&#8217;interface d&#8217;AutoCAD<\/li>\n<li>Outils de dessin de base (lignes, cercles, polygones)<\/li>\n<li>Cr\u00e9ation et modification de formes 2D<\/li>\n<li>Introduction aux calques et \u00e0 l\u2019annotation<\/li>\n<\/ul>\t\t\t\t\t\t<\/div>\n\t\t\t\t<\/div>\n\t\t<div class=\"elementor-element elementor-element-a65067d e-con-full e-flex e-con e-child\" data-id=\"a65067d\" data-element_type=\"container\">\n\t\t\t\t<div class=\"elementor-element elementor-element-0701d7a elementor-widget elementor-widget-heading\" data-id=\"0701d7a\" data-element_type=\"widget\" data-widget_type=\"heading.default\">\n\t\t\t\t<div class=\"elementor-widget-container\">\n\t\t\t<h2 class=\"elementor-heading-title elementor-size-default\">Dur\u00e9e : <\/h2>\t\t<\/div>\n\t\t\t\t<\/div>\n\t\t\t\t<div class=\"elementor-element elementor-element-dce9aa0 elementor-widget elementor-widget-heading\" data-id=\"dce9aa0\" data-element_type=\"widget\" data-widget_type=\"heading.default\">\n\t\t\t\t<div class=\"elementor-widget-container\">\n\t\t\t<h2 class=\"elementor-heading-title elementor-size-default\">XXX<\/h2>\t\t<\/div>\n\t\t\t\t<\/div>\n\t\t\t\t<\/div>\n\t\t<div class=\"elementor-element elementor-element-5583d5d e-con-full e-flex e-con e-child\" data-id=\"5583d5d\" data-element_type=\"container\">\n\t\t\t\t<div class=\"elementor-element elementor-element-b1f7e30 elementor-widget elementor-widget-heading\" data-id=\"b1f7e30\" data-element_type=\"widget\" data-widget_type=\"heading.default\">\n\t\t\t\t<div class=\"elementor-widget-container\">\n\t\t\t<h2 class=\"elementor-heading-title elementor-size-default\">Format : <\/h2>\t\t<\/div>\n\t\t\t\t<\/div>\n\t\t\t\t<div class=\"elementor-element elementor-element-e66b860 elementor-widget elementor-widget-heading\" data-id=\"e66b860\" data-element_type=\"widget\" data-widget_type=\"heading.default\">\n\t\t\t\t<div class=\"elementor-widget-container\">\n\t\t\t<h2 class=\"elementor-heading-title elementor-size-default\">En pr\u00e9sentiel ou en ligne<\/h2>\t\t<\/div>\n\t\t\t\t<\/div>\n\t\t\t\t<\/div>\n\t\t\t\t<\/div>\n\t\t<div class=\"elementor-element elementor-element-f7a614f e-con-full e-flex e-con e-child\" data-id=\"f7a614f\" data-element_type=\"container\" data-settings=\"{&quot;background_background&quot;:&quot;classic&quot;,&quot;background_motion_fx_motion_fx_mouse&quot;:&quot;yes&quot;}\">\n\t\t<div class=\"elementor-element elementor-element-68e954f e-con-full e-flex e-con e-child\" data-id=\"68e954f\" data-element_type=\"container\" data-settings=\"{&quot;background_background&quot;:&quot;classic&quot;}\">\n\t\t\t\t<\/div>\n\t\t\t\t<div class=\"elementor-element elementor-element-7eb4ca5 elementor-widget elementor-widget-heading\" data-id=\"7eb4ca5\" data-element_type=\"widget\" data-widget_type=\"heading.default\">\n\t\t\t\t<div class=\"elementor-widget-container\">\n\t\t\t<h2 class=\"elementor-heading-title elementor-size-default\">2. Formation AutoCAD Avanc\u00e9\n<\/h2>\t\t<\/div>\n\t\t\t\t<\/div>\n\t\t\t\t<div class=\"elementor-element elementor-element-fc75471 elementor-widget elementor-widget-heading\" data-id=\"fc75471\" data-element_type=\"widget\" data-widget_type=\"heading.default\">\n\t\t\t\t<div class=\"elementor-widget-container\">\n\t\t\t<h2 class=\"elementor-heading-title elementor-size-default\">Contenu<\/h2>\t\t<\/div>\n\t\t\t\t<\/div>\n\t\t\t\t<div class=\"elementor-element elementor-element-7184390 elementor-widget elementor-widget-text-editor\" data-id=\"7184390\" data-element_type=\"widget\" data-widget_type=\"text-editor.default\">\n\t\t\t\t<div class=\"elementor-widget-container\">\n\t\t\t\t\t\t\t<ul>\n<li>Techniques avanc\u00e9es de dessin (blocs, r\u00e9f\u00e9rences externes)<\/li>\n<li>Mod\u00e9lisation 3D : cr\u00e9ation de solides et surfaces<\/li>\n<li>Gestion des mises en plan et annotations avanc\u00e9es<\/li>\n<li>Personnalisation des outils et des workflows<\/li>\n<\/ul>\t\t\t\t\t\t<\/div>\n\t\t\t\t<\/div>\n\t\t<div class=\"elementor-element elementor-element-3336337 e-con-full e-flex e-con e-child\" data-id=\"3336337\" data-element_type=\"container\">\n\t\t\t\t<div class=\"elementor-element elementor-element-3ddbfef elementor-widget elementor-widget-heading\" data-id=\"3ddbfef\" data-element_type=\"widget\" data-widget_type=\"heading.default\">\n\t\t\t\t<div class=\"elementor-widget-container\">\n\t\t\t<h2 class=\"elementor-heading-title elementor-size-default\">Dur\u00e9e : <\/h2>\t\t<\/div>\n\t\t\t\t<\/div>\n\t\t\t\t<div class=\"elementor-element elementor-element-e99895c elementor-widget elementor-widget-heading\" data-id=\"e99895c\" data-element_type=\"widget\" data-widget_type=\"heading.default\">\n\t\t\t\t<div class=\"elementor-widget-container\">\n\t\t\t<h2 class=\"elementor-heading-title elementor-size-default\">XXX<\/h2>\t\t<\/div>\n\t\t\t\t<\/div>\n\t\t\t\t<\/div>\n\t\t<div class=\"elementor-element elementor-element-1315138 e-con-full e-flex e-con e-child\" data-id=\"1315138\" data-element_type=\"container\">\n\t\t\t\t<div class=\"elementor-element elementor-element-c438547 elementor-widget elementor-widget-heading\" data-id=\"c438547\" data-element_type=\"widget\" data-widget_type=\"heading.default\">\n\t\t\t\t<div class=\"elementor-widget-container\">\n\t\t\t<h2 class=\"elementor-heading-title elementor-size-default\">Format : <\/h2>\t\t<\/div>\n\t\t\t\t<\/div>\n\t\t\t\t<div class=\"elementor-element elementor-element-dc0fce1 elementor-widget elementor-widget-heading\" data-id=\"dc0fce1\" data-element_type=\"widget\" data-widget_type=\"heading.default\">\n\t\t\t\t<div class=\"elementor-widget-container\">\n\t\t\t<h2 class=\"elementor-heading-title elementor-size-default\">En pr\u00e9sentiel ou en ligne<\/h2>\t\t<\/div>\n\t\t\t\t<\/div>\n\t\t\t\t<\/div>\n\t\t\t\t<\/div>\n\t\t<div class=\"elementor-element elementor-element-571ac46 e-con-full e-flex e-con e-child\" data-id=\"571ac46\" data-element_type=\"container\" data-settings=\"{&quot;background_background&quot;:&quot;classic&quot;}\">\n\t\t<div class=\"elementor-element elementor-element-c55fc45 e-con-full e-flex e-con e-child\" data-id=\"c55fc45\" data-element_type=\"container\" data-settings=\"{&quot;background_background&quot;:&quot;classic&quot;}\">\n\t\t\t\t<\/div>\n\t\t\t\t<div class=\"elementor-element elementor-element-94e2b60 elementor-widget elementor-widget-heading\" data-id=\"94e2b60\" data-element_type=\"widget\" data-widget_type=\"heading.default\">\n\t\t\t\t<div class=\"elementor-widget-container\">\n\t\t\t<h2 class=\"elementor-heading-title elementor-size-default\">3. Formation AutoCAD pour l\u2019Architecture\n<\/h2>\t\t<\/div>\n\t\t\t\t<\/div>\n\t\t\t\t<div class=\"elementor-element elementor-element-4b634e2 elementor-widget elementor-widget-heading\" data-id=\"4b634e2\" data-element_type=\"widget\" data-widget_type=\"heading.default\">\n\t\t\t\t<div class=\"elementor-widget-container\">\n\t\t\t<h2 class=\"elementor-heading-title elementor-size-default\">Contenu<\/h2>\t\t<\/div>\n\t\t\t\t<\/div>\n\t\t\t\t<div class=\"elementor-element elementor-element-1a7f753 elementor-widget elementor-widget-text-editor\" data-id=\"1a7f753\" data-element_type=\"widget\" data-widget_type=\"text-editor.default\">\n\t\t\t\t<div class=\"elementor-widget-container\">\n\t\t\t\t\t\t\t<ul>\n<li>Cr\u00e9ation de plans architecturaux<\/li>\n<li>Utilisation des gabarits et des styles de pr\u00e9sentation<\/li>\n<li>Techniques de cotation sp\u00e9cifiques \u00e0 l&#8217;architecture<\/li>\n<li>Rendu et visualisation de projets architecturaux<\/li>\n<\/ul>\t\t\t\t\t\t<\/div>\n\t\t\t\t<\/div>\n\t\t<div class=\"elementor-element elementor-element-1388f48 e-con-full e-flex e-con e-child\" data-id=\"1388f48\" data-element_type=\"container\">\n\t\t\t\t<div class=\"elementor-element elementor-element-ad448b4 elementor-widget elementor-widget-heading\" data-id=\"ad448b4\" data-element_type=\"widget\" data-widget_type=\"heading.default\">\n\t\t\t\t<div class=\"elementor-widget-container\">\n\t\t\t<h2 class=\"elementor-heading-title elementor-size-default\">Dur\u00e9e : <\/h2>\t\t<\/div>\n\t\t\t\t<\/div>\n\t\t\t\t<div class=\"elementor-element elementor-element-e298b8b elementor-widget elementor-widget-heading\" data-id=\"e298b8b\" data-element_type=\"widget\" data-widget_type=\"heading.default\">\n\t\t\t\t<div class=\"elementor-widget-container\">\n\t\t\t<h2 class=\"elementor-heading-title elementor-size-default\">XXX<\/h2>\t\t<\/div>\n\t\t\t\t<\/div>\n\t\t\t\t<\/div>\n\t\t<div class=\"elementor-element elementor-element-26871cd e-con-full e-flex e-con e-child\" data-id=\"26871cd\" data-element_type=\"container\">\n\t\t\t\t<div class=\"elementor-element elementor-element-d2992e2 elementor-widget elementor-widget-heading\" data-id=\"d2992e2\" data-element_type=\"widget\" data-widget_type=\"heading.default\">\n\t\t\t\t<div class=\"elementor-widget-container\">\n\t\t\t<h2 class=\"elementor-heading-title elementor-size-default\">Format : <\/h2>\t\t<\/div>\n\t\t\t\t<\/div>\n\t\t\t\t<div class=\"elementor-element elementor-element-a9adfcb elementor-widget elementor-widget-heading\" data-id=\"a9adfcb\" data-element_type=\"widget\" data-widget_type=\"heading.default\">\n\t\t\t\t<div class=\"elementor-widget-container\">\n\t\t\t<h2 class=\"elementor-heading-title elementor-size-default\">En pr\u00e9sentiel ou en ligne<\/h2>\t\t<\/div>\n\t\t\t\t<\/div>\n\t\t\t\t<\/div>\n\t\t\t\t<\/div>\n\t\t\t\t<\/div>\n\t\t<div class=\"elementor-element elementor-element-b05fb1a e-flex e-con-boxed e-con e-parent\" data-id=\"b05fb1a\" data-element_type=\"container\">\n\t\t\t\t\t<div class=\"e-con-inner\">\n\t\t<div class=\"elementor-element elementor-element-b78ed59 e-con-full e-flex e-con e-child\" data-id=\"b78ed59\" data-element_type=\"container\" data-settings=\"{&quot;background_background&quot;:&quot;classic&quot;}\">\n\t\t\t\t<\/div>\n\t\t<div class=\"elementor-element elementor-element-27cc8e4 e-con-full e-flex e-con e-child\" data-id=\"27cc8e4\" data-element_type=\"container\">\n\t\t\t\t<div class=\"elementor-element elementor-element-2d8131c elementor-widget elementor-widget-heading\" data-id=\"2d8131c\" data-element_type=\"widget\" data-widget_type=\"heading.default\">\n\t\t\t\t<div class=\"elementor-widget-container\">\n\t\t\t<h2 class=\"elementor-heading-title elementor-size-default\">Pourquoi Choisir Nos Formations ?<\/h2>\t\t<\/div>\n\t\t\t\t<\/div>\n\t\t\t\t<div class=\"elementor-element elementor-element-ecb1533 elementor-widget elementor-widget-text-editor\" data-id=\"ecb1533\" data-element_type=\"widget\" data-widget_type=\"text-editor.default\">\n\t\t\t\t<div class=\"elementor-widget-container\">\n\t\t\t\t\t\t\t<ul><li><strong>Formateurs Exp\u00e9riment\u00e9s :<\/strong> Apprenez aupr\u00e8s de professionnels certifi\u00e9s avec une exp\u00e9rience pratique dans l&#8217;industrie.<\/li><li><strong>Acc\u00e8s \u00e0 des Ressources :<\/strong> Recevez du mat\u00e9riel de formation complet et des ressources suppl\u00e9mentaires pour approfondir vos connaissances.<\/li><li><strong>Environnement Interactif :<\/strong> Participez \u00e0 des exercices pratiques et des \u00e9tudes de cas r\u00e9els pour renforcer votre apprentissage.<\/li><\/ul>\t\t\t\t\t\t<\/div>\n\t\t\t\t<\/div>\n\t\t\t\t<\/div>\n\t\t\t\t\t<\/div>\n\t\t\t\t<\/div>\n\t\t\t\t<section class=\"elementor-section elementor-top-section elementor-element elementor-element-d278662 elementor-section-content-middle elementor-section-boxed elementor-section-height-default elementor-section-height-default\" data-id=\"d278662\" data-element_type=\"section\" data-settings=\"{&quot;background_background&quot;:&quot;classic&quot;}\">\n\t\t\t\t\t\t\t<div class=\"elementor-background-overlay\"><\/div>\n\t\t\t\t\t\t\t<div class=\"elementor-container elementor-column-gap-default\">\n\t\t\t\t\t<div class=\"elementor-column elementor-col-50 elementor-top-column elementor-element elementor-element-f178c16\" data-id=\"f178c16\" data-element_type=\"column\">\n\t\t\t<div class=\"elementor-widget-wrap elementor-element-populated\">\n\t\t\t\t\t\t<div class=\"elementor-element elementor-element-965d236 elementor-widget elementor-widget-heading\" data-id=\"965d236\" data-element_type=\"widget\" data-widget_type=\"heading.default\">\n\t\t\t\t<div class=\"elementor-widget-container\">\n\t\t\t<h2 class=\"elementor-heading-title elementor-size-default\">Int\u00e9ress\u00e9 par nos services ?<br>\nPrenez contact avec nous<\/h2>\t\t<\/div>\n\t\t\t\t<\/div>\n\t\t\t\t\t<\/div>\n\t\t<\/div>\n\t\t\t\t<div class=\"elementor-column elementor-col-50 elementor-top-column elementor-element elementor-element-3be210b\" data-id=\"3be210b\" data-element_type=\"column\">\n\t\t\t<div class=\"elementor-widget-wrap elementor-element-populated\">\n\t\t\t\t\t\t<div class=\"elementor-element elementor-element-27c0331 elementor-align-right elementor-tablet-align-center elementor-widget elementor-widget-button\" data-id=\"27c0331\" data-element_type=\"widget\" data-widget_type=\"button.default\">\n\t\t\t\t<div class=\"elementor-widget-container\">\n\t\t\t\t\t\t\t<div class=\"elementor-button-wrapper\">\n\t\t\t\t\t<a class=\"elementor-button elementor-button-link elementor-size-lg\" href=\"#\">\n\t\t\t\t\t\t<span class=\"elementor-button-content-wrapper\">\n\t\t\t\t\t\t\t\t\t<span class=\"elementor-button-text\">Nous contacter<\/span>\n\t\t\t\t\t<\/span>\n\t\t\t\t\t<\/a>\n\t\t\t\t<\/div>\n\t\t\t\t\t\t<\/div>\n\t\t\t\t<\/div>\n\t\t\t\t\t<\/div>\n\t\t<\/div>\n\t\t\t\t\t<\/div>\n\t\t<\/section>\n\t\t\t\t<\/div>\n\t\t","protected":false},"excerpt":{"rendered":"<p>Trainning-&gt;AutoCad Nous sommes expert AUTOCAD En tant que fournisseur officiel de logiciels de CAO 3D ainsi que de solutions de formation et d&#8217;assistance pour SOLIDWORKS en Afrique, nous sommes honor\u00e9s d&#8217;avoir re\u00e7u des \u00e9loges de SOLIDWORKS pour notre service client exceptionnel. Nous avons \u00e9t\u00e9 reconnus comme le meilleur en Europe du Nord pendant quatre ann\u00e9es [&hellip;]<\/p>\n","protected":false},"author":1,"featured_media":0,"parent":0,"menu_order":0,"comment_status":"closed","ping_status":"closed","template":"","meta":{"footnotes":""},"class_list":["post-947","page","type-page","status-publish","hentry"],"blocksy_meta":[],"_links":{"self":[{"href":"https:\/\/ipcengineer.com\/index.php\/wp-json\/wp\/v2\/pages\/947","targetHints":{"allow":["GET"]}}],"collection":[{"href":"https:\/\/ipcengineer.com\/index.php\/wp-json\/wp\/v2\/pages"}],"about":[{"href":"https:\/\/ipcengineer.com\/index.php\/wp-json\/wp\/v2\/types\/page"}],"author":[{"embeddable":true,"href":"https:\/\/ipcengineer.com\/index.php\/wp-json\/wp\/v2\/users\/1"}],"replies":[{"embeddable":true,"href":"https:\/\/ipcengineer.com\/index.php\/wp-json\/wp\/v2\/comments?post=947"}],"version-history":[{"count":7,"href":"https:\/\/ipcengineer.com\/index.php\/wp-json\/wp\/v2\/pages\/947\/revisions"}],"predecessor-version":[{"id":955,"href":"https:\/\/ipcengineer.com\/index.php\/wp-json\/wp\/v2\/pages\/947\/revisions\/955"}],"wp:attachment":[{"href":"https:\/\/ipcengineer.com\/index.php\/wp-json\/wp\/v2\/media?parent=947"}],"curies":[{"name":"wp","href":"https:\/\/api.w.org\/{rel}","templated":true}]}}